{"id":2417,"date":"2025-08-28T18:25:43","date_gmt":"2025-08-28T18:25:43","guid":{"rendered":"https:\/\/emotionaljewels.com\/collections\/"},"modified":"2026-02-09T15:07:06","modified_gmt":"2026-02-09T15:07:06","slug":"colecoes","status":"publish","type":"page","link":"https:\/\/emotionaljewels.com\/pt-pt\/colecoes\/","title":{"rendered":"Cole\u00e7\u00f5es"},"content":{"rendered":"<p>[et_pb_section fb_built=&#8221;1&#8243; _builder_version=&#8221;4.27.4&#8243; _module_preset=&#8221;default&#8221; da_disable_devices=&#8221;off|off|off&#8221; global_colors_info=&#8221;{}&#8221; da_is_popup=&#8221;off&#8221; da_exit_intent=&#8221;off&#8221; da_has_close=&#8221;on&#8221; da_alt_close=&#8221;off&#8221; da_dark_close=&#8221;off&#8221; da_not_modal=&#8221;on&#8221; da_is_singular=&#8221;off&#8221; da_with_loader=&#8221;off&#8221; da_has_shadow=&#8221;on&#8221;][et_pb_row _builder_version=&#8221;4.27.4&#8243; _module_preset=&#8221;default&#8221; background_enable_image=&#8221;off&#8221; background_size=&#8221;custom&#8221; background_image_width=&#8221;29%&#8221; background_position=&#8221;top_left&#8221; background_horizontal_offset=&#8221;16%&#8221; background_vertical_offset=&#8221;15%&#8221; background_last_edited=&#8221;off|desktop&#8221; background_image_width_tablet=&#8221;66%&#8221; background_image_width_phone=&#8221;100%&#8221; background_position_tablet=&#8221;bottom_center&#8221; background_position_phone=&#8221;bottom_center&#8221; background_vertical_offset_tablet=&#8221;0%&#8221; background_vertical_offset_phone=&#8221;0%&#8221; locked=&#8221;off&#8221; global_colors_info=&#8221;{}&#8221;][et_pb_column type=&#8221;4_4&#8243; _builder_version=&#8221;4.27.4&#8243; _module_preset=&#8221;default&#8221; global_colors_info=&#8221;{}&#8221;][et_pb_text _builder_version=&#8221;4.27.4&#8243; _module_preset=&#8221;b0bc8b8f-2ae9-4db3-9071-3a394745141c&#8221; header_font=&#8221;||||||||&#8221; text_orientation=&#8221;center&#8221; custom_margin=&#8221;||20px||false|false&#8221; custom_padding=&#8221;||0px||false|false&#8221; global_colors_info=&#8221;{}&#8221;]<\/p>\n<h1>Cole\u00e7\u00f5es<\/h1>\n<p>[\/et_pb_text][et_pb_divider _builder_version=&#8221;4.27.4&#8243; _module_preset=&#8221;f22d3c35-c20f-425a-9d5a-3e15f076bd3b&#8221; global_colors_info=&#8221;{}&#8221;][\/et_pb_divider][\/et_pb_column][\/et_pb_row][et_pb_row column_structure=&#8221;1_2,1_2&#8243; _builder_version=&#8221;4.27.4&#8243; _module_preset=&#8221;default&#8221; global_colors_info=&#8221;{}&#8221;][et_pb_column type=&#8221;1_2&#8243; _builder_version=&#8221;4.27.4&#8243; _module_preset=&#8221;default&#8221; global_colors_info=&#8221;{}&#8221;][et_pb_blurb title=&#8221;Pique&#8221; url=&#8221;https:\/\/emotionaljewels.com\/pt-pt\/categoria-produto\/colecao\/pique-pt\/&#8221; image=&#8221;https:\/\/mlvddtnqlxl6.i.optimole.com\/w:auto\/h:auto\/q:mauto\/ig:avif\/https:\/\/emotionaljewels.com\/wp-content\/uploads\/2025\/12\/Pique.png&#8221; alt=&#8221;Cole\u00e7\u00f5es&#8221; _builder_version=&#8221;4.27.5&#8243; _module_preset=&#8221;90f6e840-7b66-4eb5-8ab1-7d0c82bd46b0&#8243; header_text_color=&#8221;#285355&#8243; body_text_color=&#8221;#285355&#8243; link_option_url=&#8221;https:\/\/emotionaljewels.com\/pt-pt\/categoria-produto\/colecao\/pique-pt\/&#8221; hover_enabled=&#8221;0&#8243; global_colors_info=&#8221;{}&#8221; sticky_enabled=&#8221;0&#8243;]<\/p>\n<p>Ouro. Forma. Ess\u00eancia.<\/p>\n<p>Ver mais<\/p>\n<p>[\/et_pb_blurb][\/et_pb_column][et_pb_column type=&#8221;1_2&#8243; _builder_version=&#8221;4.27.4&#8243; _module_preset=&#8221;default&#8221; global_colors_info=&#8221;{}&#8221;][et_pb_blurb title=&#8221;Arabesque&#8221; url=&#8221;https:\/\/emotionaljewels.com\/pt-pt\/arabesque\/&#8221; image=&#8221;https:\/\/mlvddtnqlxl6.i.optimole.com\/w:auto\/h:auto\/q:mauto\/ig:avif\/https:\/\/emotionaljewels.com\/wp-content\/uploads\/2025\/12\/Arabesque.png&#8221; alt=&#8221;Cole\u00e7\u00f5es&#8221; _builder_version=&#8221;4.27.5&#8243; _module_preset=&#8221;90f6e840-7b66-4eb5-8ab1-7d0c82bd46b0&#8243; header_text_color=&#8221;#285355&#8243; body_text_color=&#8221;#285355&#8243; link_option_url=&#8221;https:\/\/emotionaljewels.com\/pt-pt\/arabesque\/&#8221; hover_enabled=&#8221;0&#8243; locked=&#8221;off&#8221; global_colors_info=&#8221;{}&#8221; sticky_enabled=&#8221;0&#8243;]<\/p>\n<p>Ornamento. Tra\u00e7o. Geometria.<\/p>\n<p>Ver mais<\/p>\n<p>[\/et_pb_blurb][\/et_pb_column][\/et_pb_row][\/et_pb_section]<\/p>\n","protected":false},"excerpt":{"rendered":"<p>Cole\u00e7\u00f5esOuro. Forma. Ess\u00eancia. Ver maisOrnamento. Tra\u00e7o. Geometria. Ver mais<\/p>\n","protected":false},"author":1,"featured_media":0,"parent":0,"menu_order":0,"comment_status":"closed","ping_status":"closed","template":"","meta":{"_et_pb_use_builder":"on","_et_pb_old_content":"","_et_gb_content_width":"","footnotes":""},"class_list":["post-2417","page","type-page","status-publish","hentry"],"_links":{"self":[{"href":"https:\/\/emotionaljewels.com\/pt-pt\/wp-json\/wp\/v2\/pages\/2417","targetHints":{"allow":["GET"]}}],"collection":[{"href":"https:\/\/emotionaljewels.com\/pt-pt\/wp-json\/wp\/v2\/pages"}],"about":[{"href":"https:\/\/emotionaljewels.com\/pt-pt\/wp-json\/wp\/v2\/types\/page"}],"author":[{"embeddable":true,"href":"https:\/\/emotionaljewels.com\/pt-pt\/wp-json\/wp\/v2\/users\/1"}],"replies":[{"embeddable":true,"href":"https:\/\/emotionaljewels.com\/pt-pt\/wp-json\/wp\/v2\/comments?post=2417"}],"version-history":[{"count":5,"href":"https:\/\/emotionaljewels.com\/pt-pt\/wp-json\/wp\/v2\/pages\/2417\/revisions"}],"predecessor-version":[{"id":3658,"href":"https:\/\/emotionaljewels.com\/pt-pt\/wp-json\/wp\/v2\/pages\/2417\/revisions\/3658"}],"wp:attachment":[{"href":"https:\/\/emotionaljewels.com\/pt-pt\/wp-json\/wp\/v2\/media?parent=2417"}],"curies":[{"name":"wp","href":"https:\/\/api.w.org\/{rel}","templated":true}]}}