{"id":1657,"date":"2025-07-17T09:20:55","date_gmt":"2025-07-17T09:20:55","guid":{"rendered":"https:\/\/emotionaljewels.com\/contacts\/"},"modified":"2025-09-16T11:15:28","modified_gmt":"2025-09-16T11:15:28","slug":"contatos","status":"publish","type":"page","link":"https:\/\/emotionaljewels.com\/pt-pt\/contatos\/","title":{"rendered":"Contatos"},"content":{"rendered":"<p>[et_pb_section fb_built=&#8221;1&#8243; _builder_version=&#8221;4.27.4&#8243; _module_preset=&#8221;default&#8221; background_color=&#8221;#F1F1F1&#8243; background_enable_video_mp4=&#8221;off&#8221; custom_padding=&#8221;||||false|false&#8221; da_disable_devices=&#8221;off|off|off&#8221; locked=&#8221;off&#8221; global_colors_info=&#8221;{}&#8221; da_is_popup=&#8221;off&#8221; da_exit_intent=&#8221;off&#8221; da_has_close=&#8221;on&#8221; da_alt_close=&#8221;off&#8221; da_dark_close=&#8221;off&#8221; da_not_modal=&#8221;on&#8221; da_is_singular=&#8221;off&#8221; da_with_loader=&#8221;off&#8221; da_has_shadow=&#8221;on&#8221;][et_pb_row _builder_version=&#8221;4.27.4&#8243; _module_preset=&#8221;default&#8221; background_enable_image=&#8221;off&#8221; background_size=&#8221;custom&#8221; background_image_width=&#8221;29%&#8221; background_position=&#8221;top_left&#8221; background_horizontal_offset=&#8221;16%&#8221; background_vertical_offset=&#8221;15%&#8221; background_last_edited=&#8221;off|desktop&#8221; background_image_width_tablet=&#8221;66%&#8221; background_image_width_phone=&#8221;100%&#8221; background_position_tablet=&#8221;top_center&#8221; background_position_phone=&#8221;top_center&#8221; background_vertical_offset_tablet=&#8221;26%&#8221; background_vertical_offset_phone=&#8221;17%&#8221; locked=&#8221;off&#8221; global_colors_info=&#8221;{}&#8221;][et_pb_column type=&#8221;4_4&#8243; _builder_version=&#8221;4.27.4&#8243; _module_preset=&#8221;default&#8221; global_colors_info=&#8221;{}&#8221;][et_pb_text _builder_version=&#8221;4.27.4&#8243; _module_preset=&#8221;default&#8221; header_font=&#8221;||||||||&#8221; text_orientation=&#8221;center&#8221; custom_margin=&#8221;||20px||false|false&#8221; custom_padding=&#8221;||0px||false|false&#8221; global_colors_info=&#8221;{}&#8221; header_2_font_size=&#8221;50px&#8221; header_2_line_height=&#8221;60px&#8221; hover_enabled=&#8221;0&#8243; sticky_enabled=&#8221;0&#8243;]<\/p>\n<h2>Contatos<\/h2>\n<p>[\/et_pb_text][et_pb_divider _builder_version=&#8221;4.27.4&#8243; _module_preset=&#8221;f22d3c35-c20f-425a-9d5a-3e15f076bd3b&#8221; global_colors_info=&#8221;{}&#8221;][\/et_pb_divider][et_pb_text _builder_version=&#8221;4.27.4&#8243; _module_preset=&#8221;b0bc8b8f-2ae9-4db3-9071-3a394745141c&#8221; text_orientation=&#8221;center&#8221; global_colors_info=&#8221;{}&#8221;]<\/p>\n<p>Entre em contato e partilhe a sua opini\u00e3o ou feedback!<\/p>\n<p>Pode entrar em contato atrav\u00e9s do e-mail <a href=\"mailto:susana@emotionaljewels.com\">susana@emotionaljewels.com<\/a> ou seguir-nos no <a href=\"https:\/\/www.instagram.com\/susana_emotionaljewels?igsh=bGFzbmFraWdxZ3N5\" target=\"_blank\" rel=\"noopener\">Instagram<\/a>.<\/p>\n<p>Prefere algo mais r\u00e1pido? Basta usar o formul\u00e1rio de contato abaixo e responderemos com a maior brevidade poss\u00edvel.<\/p>\n<p>[\/et_pb_text][et_pb_text _builder_version=&#8221;4.27.4&#8243; _module_preset=&#8221;default&#8221; global_colors_info=&#8221;{}&#8221;]<style id=\"wpforms-css-vars-1702\">\n\t\t\t\t#wpforms-1702 {\n\t\t\t\t\n\t\t\t}\n\t\t\t<\/style><div class=\"wpforms-container wpforms-container-full wpforms-render-modern\" id=\"wpforms-1702\"><form id=\"wpforms-form-1702\" class=\"wpforms-validate wpforms-form wpforms-ajax-form\" data-formid=\"1702\" method=\"post\" enctype=\"multipart\/form-data\" action=\"\/pt-pt\/wp-json\/wp\/v2\/pages\/1657\" data-token=\"9f3b33109972096bf965f72e5981c0ca\" data-token-time=\"1777406783\"><noscript class=\"wpforms-error-noscript\">Please enable JavaScript in your browser to complete this form.<\/noscript><div id=\"wpforms-error-noscript\" style=\"display: none;\">Please enable JavaScript in your browser to complete this form.<\/div><div class=\"wpforms-field-container\"><div id=\"wpforms-1702-field_2-container\" class=\"wpforms-field wpforms-field-layout\" data-field-id=\"2\"><div class=\"wpforms-field-layout-rows wpforms-field-large\"><div class=\"wpforms-layout-row\"><div class=\"wpforms-layout-column wpforms-layout-column-50\"><div id=\"wpforms-1702-field_3-container\" class=\"wpforms-field wpforms-field-text\" data-field-id=\"3\"><label class=\"wpforms-field-label wpforms-label-hide\" for=\"wpforms-1702-field_3\" aria-hidden=\"false\">Nome <span class=\"wpforms-required-label\" aria-hidden=\"true\">*<\/span><\/label><input type=\"text\" id=\"wpforms-1702-field_3\" class=\"wpforms-field-medium wpforms-field-required\" name=\"wpforms[fields][3]\" placeholder=\"Nome\" aria-errormessage=\"wpforms-1702-field_3-error\" required><\/div><\/div><div class=\"wpforms-layout-column wpforms-layout-column-50\"><div id=\"wpforms-1702-field_4-container\" class=\"wpforms-field wpforms-field-email\" data-field-id=\"4\"><label class=\"wpforms-field-label wpforms-label-hide\" for=\"wpforms-1702-field_4\" aria-hidden=\"false\">Email <span class=\"wpforms-required-label\" aria-hidden=\"true\">*<\/span><\/label><input type=\"email\" id=\"wpforms-1702-field_4\" class=\"wpforms-field-medium wpforms-field-required\" name=\"wpforms[fields][4]\" placeholder=\"Email\" spellcheck=\"false\" aria-errormessage=\"wpforms-1702-field_4-error\" required><\/div><\/div><\/div><\/div><\/div><div id=\"wpforms-1702-field_5-container\" class=\"wpforms-field wpforms-field-text\" data-field-id=\"5\"><label class=\"wpforms-field-label wpforms-label-hide\" for=\"wpforms-1702-field_5\" aria-hidden=\"false\">Assunto <span class=\"wpforms-required-label\" aria-hidden=\"true\">*<\/span><\/label><input type=\"text\" id=\"wpforms-1702-field_5\" class=\"wpforms-field-large wpforms-field-required\" name=\"wpforms[fields][5]\" placeholder=\"Assunto\" aria-errormessage=\"wpforms-1702-field_5-error\" required><\/div>\t\t<div id=\"wpforms-1702-field_1-container\"\n\t\t\tclass=\"wpforms-field wpforms-field-text\"\n\t\t\tdata-field-type=\"text\"\n\t\t\tdata-field-id=\"1\"\n\t\t\t>\n\t\t\t<label class=\"wpforms-field-label\" for=\"wpforms-1702-field_1\" >Email Mensagem Assunto<\/label>\n\t\t\t<input type=\"text\" id=\"wpforms-1702-field_1\" class=\"wpforms-field-medium\" name=\"wpforms[fields][1]\" >\n\t\t<\/div>\n\t\t<div id=\"wpforms-1702-field_6-container\" class=\"wpforms-field wpforms-field-textarea\" data-field-id=\"6\"><label class=\"wpforms-field-label wpforms-label-hide\" for=\"wpforms-1702-field_6\" aria-hidden=\"false\">Mensagem <span class=\"wpforms-required-label\" aria-hidden=\"true\">*<\/span><\/label><textarea id=\"wpforms-1702-field_6\" class=\"wpforms-field-medium wpforms-field-required\" name=\"wpforms[fields][6]\" placeholder=\"Mensagem\" aria-errormessage=\"wpforms-1702-field_6-error\" required><\/textarea><\/div><script>\n\t\t\t\t( function() {\n\t\t\t\t\tconst style = document.createElement( 'style' );\n\t\t\t\t\tstyle.appendChild( document.createTextNode( '#wpforms-1702-field_1-container { position: absolute !important; overflow: hidden !important; display: inline !important; height: 1px !important; width: 1px !important; z-index: -1000 !important; padding: 0 !important; } #wpforms-1702-field_1-container input { visibility: hidden; } #wpforms-conversational-form-page #wpforms-1702-field_1-container label { counter-increment: none; }' ) );\n\t\t\t\t\tdocument.head.appendChild( style );\n\t\t\t\t\tdocument.currentScript?.remove();\n\t\t\t\t} )();\n\t\t\t<\/script><\/div><!-- .wpforms-field-container --><div class=\"wpforms-recaptcha-container wpforms-is-recaptcha wpforms-is-recaptcha-type-v3\" ><input type=\"hidden\" name=\"wpforms[recaptcha]\" value=\"\"><\/div><div class=\"wpforms-submit-container\" ><input type=\"hidden\" name=\"wpforms[id]\" value=\"1702\"><input type=\"hidden\" name=\"page_title\" value=\"\"><input type=\"hidden\" name=\"page_url\" value=\"https:\/\/emotionaljewels.com\/pt-pt\/wp-json\/wp\/v2\/pages\/1657\"><input type=\"hidden\" name=\"url_referer\" value=\"\"><button type=\"submit\" name=\"wpforms[submit]\" id=\"wpforms-submit-1702\" class=\"wpforms-submit\" data-alt-text=\"A enviar...\" data-submit-text=\"Submeter\" aria-live=\"assertive\" value=\"wpforms-submit\">Submeter<\/button><img data-opt-id=1910038175  fetchpriority=\"high\" decoding=\"async\" src=\"https:\/\/mlvddtnqlxl6.i.optimole.com\/w:auto\/h:auto\/q:mauto\/ig:avif\/https:\/\/emotionaljewels.com\/wp-content\/plugins\/wpforms\/assets\/images\/submit-spin.svg\" class=\"wpforms-submit-spinner\" style=\"display: none;\" width=\"26\" height=\"26\" alt=\"Loading\"><\/div><\/form><\/div>  <!-- .wpforms-container -->[\/et_pb_text][\/et_pb_column][\/et_pb_row][\/et_pb_section]<\/p>\n","protected":false},"excerpt":{"rendered":"<p>ContatosEntre em contato e partilhe a sua opini\u00e3o ou feedback! Pode entrar em contato atrav\u00e9s do e-mail susana@emotionaljewels.com ou seguir-nos no Instagram. Prefere algo mais r\u00e1pido? Basta usar o formul\u00e1rio de contato abaixo e responderemos com a maior brevidade poss\u00edvel.<style id=\"wpforms-css-vars-1702\">\n\t\t\t\t#wpforms-1702 {\n\t\t\t\t\n\t\t\t}\n\t\t\t<\/style><div class=\"wpforms-container wpforms-container-full wpforms-render-modern\" id=\"wpforms-1702\"><form id=\"wpforms-form-1702\" class=\"wpforms-validate wpforms-form wpforms-ajax-form\" data-formid=\"1702\" method=\"post\" enctype=\"multipart\/form-data\" action=\"\/pt-pt\/wp-json\/wp\/v2\/pages\/1657\" data-token=\"9f3b33109972096bf965f72e5981c0ca\" data-token-time=\"1777406783\"><noscript class=\"wpforms-error-noscript\">Please enable JavaScript in your browser to complete this form.<\/noscript><div id=\"wpforms-error-noscript\" style=\"display: none;\">Please enable JavaScript in your browser to complete this form.<\/div><div class=\"wpforms-field-container\"><div id=\"wpforms-1702-field_2-container\" class=\"wpforms-field wpforms-field-layout\" data-field-id=\"2\"><div class=\"wpforms-field-layout-rows wpforms-field-large\"><div class=\"wpforms-layout-row\"><div class=\"wpforms-layout-column wpforms-layout-column-50\"><div id=\"wpforms-1702-field_3-container\" class=\"wpforms-field wpforms-field-text\" data-field-id=\"3\"><label class=\"wpforms-field-label wpforms-label-hide\" for=\"wpforms-1702-field_3\" aria-hidden=\"false\">Nome <span class=\"wpforms-required-label\" aria-hidden=\"true\">*<\/span><\/label><input type=\"text\" id=\"wpforms-1702-field_3\" class=\"wpforms-field-medium wpforms-field-required\" name=\"wpforms[fields][3]\" placeholder=\"Nome\" aria-errormessage=\"wpforms-1702-field_3-error\" required><\/div><\/div><div class=\"wpforms-layout-column wpforms-layout-column-50\"><div id=\"wpforms-1702-field_4-container\" class=\"wpforms-field wpforms-field-email\" data-field-id=\"4\"><label class=\"wpforms-field-label wpforms-label-hide\" for=\"wpforms-1702-field_4\" aria-hidden=\"false\">Email <span class=\"wpforms-required-label\" aria-hidden=\"true\">*<\/span><\/label><input type=\"email\" id=\"wpforms-1702-field_4\" class=\"wpforms-field-medium wpforms-field-required\" name=\"wpforms[fields][4]\" placeholder=\"Email\" spellcheck=\"false\" aria-errormessage=\"wpforms-1702-field_4-error\" required><\/div><\/div><\/div><\/div><\/div><div id=\"wpforms-1702-field_5-container\" class=\"wpforms-field wpforms-field-text\" data-field-id=\"5\"><label class=\"wpforms-field-label wpforms-label-hide\" for=\"wpforms-1702-field_5\" aria-hidden=\"false\">Assunto <span class=\"wpforms-required-label\" aria-hidden=\"true\">*<\/span><\/label><input type=\"text\" id=\"wpforms-1702-field_5\" class=\"wpforms-field-large wpforms-field-required\" name=\"wpforms[fields][5]\" placeholder=\"Assunto\" aria-errormessage=\"wpforms-1702-field_5-error\" required><\/div>\t\t<div id=\"wpforms-1702-field_1-container\"\n\t\t\tclass=\"wpforms-field wpforms-field-text\"\n\t\t\tdata-field-type=\"text\"\n\t\t\tdata-field-id=\"1\"\n\t\t\t>\n\t\t\t<label class=\"wpforms-field-label\" for=\"wpforms-1702-field_1\" >Assunto Nome Layout<\/label>\n\t\t\t<input type=\"text\" id=\"wpforms-1702-field_1\" class=\"wpforms-field-medium\" name=\"wpforms[fields][1]\" >\n\t\t<\/div>\n\t\t<div id=\"wpforms-1702-field_6-container\" class=\"wpforms-field wpforms-field-textarea\" data-field-id=\"6\"><label class=\"wpforms-field-label wpforms-label-hide\" for=\"wpforms-1702-field_6\" aria-hidden=\"false\">Mensagem <span class=\"wpforms-required-label\" aria-hidden=\"true\">*<\/span><\/label><textarea id=\"wpforms-1702-field_6\" class=\"wpforms-field-medium wpforms-field-required\" name=\"wpforms[fields][6]\" placeholder=\"Mensagem\" aria-errormessage=\"wpforms-1702-field_6-error\" required><\/textarea><\/div><script>\n\t\t\t\t( function() {\n\t\t\t\t\tconst style = document.createElement( 'style' );\n\t\t\t\t\tstyle.appendChild( document.createTextNode( '#wpforms-1702-field_1-container { position: absolute !important; overflow: hidden !important; display: inline !important; height: 1px !important; width: 1px !important; z-index: -1000 !important; padding: 0 !important; } #wpforms-1702-field_1-container input { visibility: hidden; } #wpforms-conversational-form-page #wpforms-1702-field_1-container label { counter-increment: none; }' ) );\n\t\t\t\t\tdocument.head.appendChild( style );\n\t\t\t\t\tdocument.currentScript?.remove();\n\t\t\t\t} )();\n\t\t\t<\/script><\/div><!-- .wpforms-field-container --><div class=\"wpforms-recaptcha-container wpforms-is-recaptcha wpforms-is-recaptcha-type-v3\" ><input type=\"hidden\" name=\"wpforms[recaptcha]\" value=\"\"><\/div><div class=\"wpforms-submit-container\" ><input type=\"hidden\" name=\"wpforms[id]\" value=\"1702\"><input type=\"hidden\" name=\"page_title\" value=\"\"><input type=\"hidden\" name=\"page_url\" value=\"https:\/\/emotionaljewels.com\/pt-pt\/wp-json\/wp\/v2\/pages\/1657\"><input type=\"hidden\" name=\"url_referer\" value=\"\"><button type=\"submit\" name=\"wpforms[submit]\" id=\"wpforms-submit-1702\" class=\"wpforms-submit\" data-alt-text=\"A enviar...\" data-submit-text=\"Submeter\" aria-live=\"assertive\" value=\"wpforms-submit\">Submeter<\/button><img data-opt-id=1910038175  fetchpriority=\"high\" decoding=\"async\" src=\"https:\/\/mlvddtnqlxl6.i.optimole.com\/w:auto\/h:auto\/q:mauto\/ig:avif\/https:\/\/emotionaljewels.com\/wp-content\/plugins\/wpforms\/assets\/images\/submit-spin.svg\" class=\"wpforms-submit-spinner\" style=\"display: none;\" width=\"26\" height=\"26\" alt=\"Loading\"><\/div><\/form><\/div>  <!-- .wpforms-container --><\/p>\n","protected":false},"author":1,"featured_media":0,"parent":0,"menu_order":0,"comment_status":"closed","ping_status":"closed","template":"","meta":{"_et_pb_use_builder":"on","_et_pb_old_content":"","_et_gb_content_width":"","footnotes":""},"class_list":["post-1657","page","type-page","status-publish","hentry"],"_links":{"self":[{"href":"https:\/\/emotionaljewels.com\/pt-pt\/wp-json\/wp\/v2\/pages\/1657","targetHints":{"allow":["GET"]}}],"collection":[{"href":"https:\/\/emotionaljewels.com\/pt-pt\/wp-json\/wp\/v2\/pages"}],"about":[{"href":"https:\/\/emotionaljewels.com\/pt-pt\/wp-json\/wp\/v2\/types\/page"}],"author":[{"embeddable":true,"href":"https:\/\/emotionaljewels.com\/pt-pt\/wp-json\/wp\/v2\/users\/1"}],"replies":[{"embeddable":true,"href":"https:\/\/emotionaljewels.com\/pt-pt\/wp-json\/wp\/v2\/comments?post=1657"}],"version-history":[{"count":9,"href":"https:\/\/emotionaljewels.com\/pt-pt\/wp-json\/wp\/v2\/pages\/1657\/revisions"}],"predecessor-version":[{"id":2846,"href":"https:\/\/emotionaljewels.com\/pt-pt\/wp-json\/wp\/v2\/pages\/1657\/revisions\/2846"}],"wp:attachment":[{"href":"https:\/\/emotionaljewels.com\/pt-pt\/wp-json\/wp\/v2\/media?parent=1657"}],"curies":[{"name":"wp","href":"https:\/\/api.w.org\/{rel}","templated":true}]}}