{"id":1656,"date":"2025-08-05T14:42:50","date_gmt":"2025-08-05T14:42:50","guid":{"rendered":"https:\/\/emotionaljewels.com\/arabesque\/"},"modified":"2026-03-18T12:11:59","modified_gmt":"2026-03-18T12:11:59","slug":"arabesque","status":"publish","type":"page","link":"https:\/\/emotionaljewels.com\/pt-pt\/arabesque\/","title":{"rendered":"Arabesque"},"content":{"rendered":"<p>[et_pb_section fb_built=&#8221;1&#8243; _builder_version=&#8221;4.27.4&#8243; _module_preset=&#8221;default&#8221; background_color=&#8221;#F1F1F1&#8243; background_enable_video_mp4=&#8221;off&#8221; custom_padding=&#8221;||||false|false&#8221; da_disable_devices=&#8221;off|off|off&#8221; locked=&#8221;off&#8221; global_colors_info=&#8221;{}&#8221; da_is_popup=&#8221;off&#8221; da_exit_intent=&#8221;off&#8221; da_has_close=&#8221;on&#8221; da_alt_close=&#8221;off&#8221; da_dark_close=&#8221;off&#8221; da_not_modal=&#8221;on&#8221; da_is_singular=&#8221;off&#8221; da_with_loader=&#8221;off&#8221; da_has_shadow=&#8221;on&#8221;][et_pb_row _builder_version=&#8221;4.27.4&#8243; _module_preset=&#8221;default&#8221; background_enable_image=&#8221;off&#8221; background_size=&#8221;custom&#8221; background_image_width=&#8221;29%&#8221; background_position=&#8221;top_left&#8221; background_horizontal_offset=&#8221;16%&#8221; background_vertical_offset=&#8221;15%&#8221; custom_padding=&#8221;||0px||false|false&#8221; background_last_edited=&#8221;off|desktop&#8221; background_image_width_tablet=&#8221;66%&#8221; background_image_width_phone=&#8221;100%&#8221; background_position_tablet=&#8221;bottom_center&#8221; background_position_phone=&#8221;bottom_center&#8221; background_vertical_offset_tablet=&#8221;0%&#8221; background_vertical_offset_phone=&#8221;0%&#8221; locked=&#8221;off&#8221; global_colors_info=&#8221;{}&#8221;][et_pb_column type=&#8221;4_4&#8243; _builder_version=&#8221;4.27.4&#8243; _module_preset=&#8221;default&#8221; global_colors_info=&#8221;{}&#8221;][et_pb_text _builder_version=&#8221;4.27.5&#8243; _module_preset=&#8221;default&#8221; header_font=&#8221;||||||||&#8221; text_orientation=&#8221;center&#8221; custom_margin=&#8221;||20px||false|false&#8221; custom_padding=&#8221;||0px||false|false&#8221; global_colors_info=&#8221;{}&#8221;]<\/p>\n<h1>Arabesque<\/h1>\n<p>[\/et_pb_text][et_pb_divider _builder_version=&#8221;4.27.4&#8243; _module_preset=&#8221;f22d3c35-c20f-425a-9d5a-3e15f076bd3b&#8221; global_colors_info=&#8221;{}&#8221;][\/et_pb_divider][et_pb_text _builder_version=&#8221;4.27.5&#8243; _module_preset=&#8221;default&#8221; text_orientation=&#8221;center&#8221; global_colors_info=&#8221;{}&#8221;]<\/p>\n<h3>Ornamento. Tra\u00e7o. Geometria.<\/h3>\n<p>[\/et_pb_text][\/et_pb_column][\/et_pb_row][et_pb_row column_structure=&#8221;1_2,1_2&#8243; _builder_version=&#8221;4.27.4&#8243; _module_preset=&#8221;default&#8221; custom_padding=&#8221;||||false|false&#8221; global_colors_info=&#8221;{}&#8221;][et_pb_column type=&#8221;1_2&#8243; _builder_version=&#8221;4.27.4&#8243; _module_preset=&#8221;default&#8221; global_colors_info=&#8221;{}&#8221;][et_pb_blurb title=&#8221;Circle&#8221; url=&#8221;https:\/\/emotionaljewels.com\/pt-pt\/categoria-produto\/colecao\/arabesque-pt\/circle-pt\/&#8221; image=&#8221;https:\/\/mlvddtnqlxl6.i.optimole.com\/w:auto\/h:auto\/q:mauto\/ig:avif\/https:\/\/emotionaljewels.com\/wp-content\/uploads\/2025\/08\/sem-titulo-66.jpg&#8221; alt=&#8221;Arabesque&#8221; _builder_version=&#8221;4.27.5&#8243; _module_preset=&#8221;c6b4efde-15e6-45bb-b1a3-8ee8ac53dfab&#8221; text_orientation=&#8221;center&#8221; custom_margin_tablet=&#8221;30px||||false|false&#8221; custom_margin_phone=&#8221;30px||||false|false&#8221; custom_margin_last_edited=&#8221;on|tablet&#8221; link_option_url=&#8221;https:\/\/emotionaljewels.com\/pt-pt\/categoria-produto\/colecao\/arabesque-pt\/circle-pt\/&#8221; global_colors_info=&#8221;{}&#8221; image__hover_enabled=&#8221;on|hover&#8221; image__hover=&#8221;https:\/\/emotionaljewels.com\/wp-content\/uploads\/2025\/08\/sem-titulo-64-1125&#215;1125-1.jpg&#8221;]<\/p>\n<p>Unidade<\/p>\n<p>[\/et_pb_blurb][\/et_pb_column][et_pb_column type=&#8221;1_2&#8243; _builder_version=&#8221;4.27.4&#8243; _module_preset=&#8221;default&#8221; global_colors_info=&#8221;{}&#8221;][et_pb_blurb title=&#8221;Line&#8221; url=&#8221;https:\/\/emotionaljewels.com\/pt-pt\/categoria-produto\/colecao\/arabesque-pt\/line-pt\/&#8221; image=&#8221;https:\/\/emotionaljewels.com\/wp-content\/uploads\/2025\/08\/sem-titulo-222-900&#215;900-1.jpg&#8221; alt=&#8221;Arabesque&#8221; _builder_version=&#8221;4.27.5&#8243; _module_preset=&#8221;c6b4efde-15e6-45bb-b1a3-8ee8ac53dfab&#8221; text_orientation=&#8221;center&#8221; custom_margin_tablet=&#8221;30px||||false|false&#8221; custom_margin_phone=&#8221;30px||||false|false&#8221; custom_margin_last_edited=&#8221;on|tablet&#8221; link_option_url=&#8221;https:\/\/emotionaljewels.com\/pt-pt\/categoria-produto\/colecao\/arabesque-pt\/line-pt\/&#8221; global_colors_info=&#8221;{}&#8221; image__hover_enabled=&#8221;on|hover&#8221; image__hover=&#8221;https:\/\/emotionaljewels.com\/wp-content\/uploads\/2025\/08\/sem-titulo-206-3-900&#215;900-1.jpg&#8221;]<\/p>\n<p>Linha ininterrupta<\/p>\n<p>[\/et_pb_blurb][\/et_pb_column][\/et_pb_row][et_pb_row column_structure=&#8221;1_2,1_2&#8243; _builder_version=&#8221;4.27.4&#8243; _module_preset=&#8221;default&#8221; custom_padding=&#8221;||||false|false&#8221; global_colors_info=&#8221;{}&#8221;][et_pb_column type=&#8221;1_2&#8243; _builder_version=&#8221;4.27.4&#8243; _module_preset=&#8221;default&#8221; global_colors_info=&#8221;{}&#8221;][et_pb_blurb title=&#8221;Shield&#8221; url=&#8221;https:\/\/emotionaljewels.com\/pt-pt\/categoria-produto\/colecao\/arabesque-pt\/shield-pt\/&#8221; image=&#8221;https:\/\/emotionaljewels.com\/wp-content\/uploads\/2025\/08\/sem-titulo-94-940&#215;940-1.jpg&#8221; alt=&#8221;Arabesque&#8221; _builder_version=&#8221;4.27.5&#8243; _module_preset=&#8221;c6b4efde-15e6-45bb-b1a3-8ee8ac53dfab&#8221; text_orientation=&#8221;center&#8221; custom_margin_tablet=&#8221;30px||||false|false&#8221; custom_margin_phone=&#8221;30px||||false|false&#8221; custom_margin_last_edited=&#8221;on|tablet&#8221; link_option_url=&#8221;https:\/\/emotionaljewels.com\/pt-pt\/categoria-produto\/colecao\/arabesque-pt\/shield-pt\/&#8221; global_colors_info=&#8221;{}&#8221; image__hover_enabled=&#8221;on|hover&#8221; image__hover=&#8221;https:\/\/mlvddtnqlxl6.i.optimole.com\/w:auto\/h:auto\/q:mauto\/ig:avif\/https:\/\/emotionaljewels.com\/wp-content\/uploads\/2025\/08\/sem-titulo-148-2.jpg&#8221;]<\/p>\n<p>Unidades geom\u00e9tricas b\u00e1sicas: Hex\u00e1gonos<\/p>\n<p>[\/et_pb_blurb][\/et_pb_column][et_pb_column type=&#8221;1_2&#8243; _builder_version=&#8221;4.27.4&#8243; _module_preset=&#8221;default&#8221; global_colors_info=&#8221;{}&#8221;][et_pb_blurb title=&#8221;Center&#8221; url=&#8221;https:\/\/emotionaljewels.com\/pt-pt\/categoria-produto\/colecao\/arabesque-pt\/center-pt\/&#8221; image=&#8221;https:\/\/mlvddtnqlxl6.i.optimole.com\/w:auto\/h:auto\/q:mauto\/ig:avif\/https:\/\/emotionaljewels.com\/wp-content\/uploads\/2025\/08\/sem-titulo-24.jpg&#8221; alt=&#8221;Arabesque&#8221; _builder_version=&#8221;4.27.5&#8243; _module_preset=&#8221;c6b4efde-15e6-45bb-b1a3-8ee8ac53dfab&#8221; text_orientation=&#8221;center&#8221; custom_margin_tablet=&#8221;30px||||false|false&#8221; custom_margin_phone=&#8221;30px||||false|false&#8221; custom_margin_last_edited=&#8221;on|tablet&#8221; link_option_url=&#8221;https:\/\/emotionaljewels.com\/pt-pt\/categoria-produto\/colecao\/arabesque-pt\/center-pt\/&#8221; global_colors_info=&#8221;{}&#8221; image__hover_enabled=&#8221;on|hover&#8221; image__hover=&#8221;https:\/\/mlvddtnqlxl6.i.optimole.com\/w:auto\/h:auto\/q:mauto\/ig:avif\/https:\/\/emotionaljewels.com\/wp-content\/uploads\/2025\/08\/CenterSineteRing2900x900.jpg&#8221;]<\/p>\n<p>Simetria e Equil\u00edbrio<\/p>\n<p>[\/et_pb_blurb][et_pb_blurb title=&#8221;Round&#8221; url=&#8221;https:\/\/emotionaljewels.com\/pt-pt\/categoria-produto\/colecao\/arabesque-pt\/round-pt\/&#8221; image=&#8221;https:\/\/mlvddtnqlxl6.i.optimole.com\/w:auto\/h:auto\/q:mauto\/ig:avif\/https:\/\/emotionaljewels.com\/wp-content\/uploads\/2025\/08\/20250627_164311.jpg&#8221; alt=&#8221;Arabesque&#8221; disabled_on=&#8221;on|on|on&#8221; _builder_version=&#8221;4.27.4&#8243; _module_preset=&#8221;c6b4efde-15e6-45bb-b1a3-8ee8ac53dfab&#8221; text_orientation=&#8221;center&#8221; custom_margin_tablet=&#8221;30px||||false|false&#8221; custom_margin_phone=&#8221;30px||||false|false&#8221; custom_margin_last_edited=&#8221;on|tablet&#8221; link_option_url=&#8221;https:\/\/emotionaljewels.com\/pt-pt\/categoria-produto\/colecao\/arabesque-pt\/round-pt\/&#8221; disabled=&#8221;on&#8221; global_colors_info=&#8221;{}&#8221; image__hover_enabled=&#8221;on|hover&#8221; image__hover=&#8221;https:\/\/mlvddtnqlxl6.i.optimole.com\/w:auto\/h:auto\/q:mauto\/ig:avif\/https:\/\/emotionaljewels.com\/wp-content\/uploads\/2025\/08\/20250627_163634.jpg&#8221;]<\/p>\n<p>A cor como luz orientadora<\/p>\n<p>[\/et_pb_blurb][\/et_pb_column][\/et_pb_row][et_pb_row column_structure=&#8221;1_2,1_2&#8243; _builder_version=&#8221;4.27.4&#8243; _module_preset=&#8221;default&#8221; custom_padding=&#8221;||||false|false&#8221; global_colors_info=&#8221;{}&#8221;][et_pb_column type=&#8221;1_2&#8243; _builder_version=&#8221;4.27.4&#8243; _module_preset=&#8221;default&#8221; global_colors_info=&#8221;{}&#8221;][et_pb_blurb title=&#8221;Mosaic&#8221; url=&#8221;https:\/\/emotionaljewels.com\/pt-pt\/categoria-produto\/colecao\/arabesque-pt\/mosaic-pt\/&#8221; image=&#8221;https:\/\/mlvddtnqlxl6.i.optimole.com\/w:auto\/h:auto\/q:mauto\/ig:avif\/https:\/\/emotionaljewels.com\/wp-content\/uploads\/2025\/08\/sem-titulo-114-3.jpg&#8221; alt=&#8221;Arabesque&#8221; _builder_version=&#8221;4.27.5&#8243; _module_preset=&#8221;c6b4efde-15e6-45bb-b1a3-8ee8ac53dfab&#8221; text_orientation=&#8221;center&#8221; custom_margin_tablet=&#8221;30px||||false|false&#8221; custom_margin_phone=&#8221;30px||||false|false&#8221; custom_margin_last_edited=&#8221;on|tablet&#8221; link_option_url=&#8221;https:\/\/emotionaljewels.com\/pt-pt\/categoria-produto\/colecao\/arabesque-pt\/mosaic-pt\/&#8221; global_colors_info=&#8221;{}&#8221; image__hover_enabled=&#8221;on|hover&#8221; image__hover=&#8221;https:\/\/emotionaljewels.com\/wp-content\/uploads\/2025\/08\/sem-titulo-168-900&#215;900-3.jpg&#8221;]<\/p>\n<p>Repeti\u00e7\u00e3o<\/p>\n<p>[\/et_pb_blurb][\/et_pb_column][et_pb_column type=&#8221;1_2&#8243; _builder_version=&#8221;4.27.4&#8243; _module_preset=&#8221;default&#8221; global_colors_info=&#8221;{}&#8221;][et_pb_blurb title=&#8221;Amulet&#8221; url=&#8221;https:\/\/emotionaljewels.com\/pt-pt\/categoria-produto\/colecao\/arabesque-pt\/amulet-pt\/&#8221; image=&#8221;https:\/\/mlvddtnqlxl6.i.optimole.com\/w:auto\/h:auto\/q:mauto\/ig:avif\/https:\/\/emotionaljewels.com\/wp-content\/uploads\/2025\/08\/sem-titulo-70.jpg&#8221; alt=&#8221;Arabesque&#8221; _builder_version=&#8221;4.27.5&#8243; _module_preset=&#8221;c6b4efde-15e6-45bb-b1a3-8ee8ac53dfab&#8221; text_orientation=&#8221;center&#8221; custom_margin_tablet=&#8221;30px||||false|false&#8221; custom_margin_phone=&#8221;30px||||false|false&#8221; custom_margin_last_edited=&#8221;on|tablet&#8221; link_option_url=&#8221;https:\/\/emotionaljewels.com\/pt-pt\/categoria-produto\/colecao\/arabesque-pt\/amulet-pt\/&#8221; global_colors_info=&#8221;{}&#8221; image__hover_enabled=&#8221;on|hover&#8221; image__hover=&#8221;https:\/\/mlvddtnqlxl6.i.optimole.com\/w:auto\/h:auto\/q:mauto\/ig:avif\/https:\/\/emotionaljewels.com\/wp-content\/uploads\/2025\/09\/colar.jpg&#8221;]<\/p>\n<p>Presen\u00e7a<\/p>\n<p>[\/et_pb_blurb][\/et_pb_column][\/et_pb_row][et_pb_row column_structure=&#8221;1_2,1_2&#8243; _builder_version=&#8221;4.27.4&#8243; _module_preset=&#8221;default&#8221; custom_padding=&#8221;||||false|false&#8221; global_colors_info=&#8221;{}&#8221;][et_pb_column type=&#8221;1_2&#8243; _builder_version=&#8221;4.27.4&#8243; _module_preset=&#8221;default&#8221; global_colors_info=&#8221;{}&#8221;][et_pb_blurb title=&#8221;Sound&#8221; url=&#8221;https:\/\/emotionaljewels.com\/pt-pt\/categoria-produto\/colecao\/arabesque-pt\/sound-pt\/&#8221; image=&#8221;https:\/\/mlvddtnqlxl6.i.optimole.com\/w:auto\/h:auto\/q:mauto\/ig:avif\/https:\/\/emotionaljewels.com\/wp-content\/uploads\/2025\/08\/20250627_162543-scaled.jpg&#8221; alt=&#8221;Arabesque&#8221; disabled_on=&#8221;on|on|on&#8221; _builder_version=&#8221;4.27.4&#8243; _module_preset=&#8221;c6b4efde-15e6-45bb-b1a3-8ee8ac53dfab&#8221; text_orientation=&#8221;center&#8221; custom_margin_tablet=&#8221;30px||||false|false&#8221; custom_margin_phone=&#8221;30px||||false|false&#8221; custom_margin_last_edited=&#8221;on|tablet&#8221; link_option_url=&#8221;https:\/\/emotionaljewels.com\/pt-pt\/categoria-produto\/colecao\/arabesque-pt\/sound-pt\/&#8221; disabled=&#8221;on&#8221; global_colors_info=&#8221;{}&#8221; image__hover_enabled=&#8221;on|hover&#8221; image__hover=&#8221;https:\/\/mlvddtnqlxl6.i.optimole.com\/w:auto\/h:auto\/q:mauto\/ig:avif\/https:\/\/emotionaljewels.com\/wp-content\/uploads\/2025\/08\/20250627_171112-2.jpg&#8221;]<\/p>\n<p>Eco espiritual<\/p>\n<p>[\/et_pb_blurb][\/et_pb_column][et_pb_column type=&#8221;1_2&#8243; _builder_version=&#8221;4.27.4&#8243; _module_preset=&#8221;default&#8221; global_colors_info=&#8221;{}&#8221;][\/et_pb_column][\/et_pb_row][et_pb_row column_structure=&#8221;1_2,1_2&#8243; _builder_version=&#8221;4.27.4&#8243; _module_preset=&#8221;default&#8221; custom_padding=&#8221;||||false|false&#8221; global_colors_info=&#8221;{}&#8221;][et_pb_column type=&#8221;1_2&#8243; _builder_version=&#8221;4.27.4&#8243; _module_preset=&#8221;default&#8221; global_colors_info=&#8221;{}&#8221;][et_pb_blurb title=&#8221;Angel&#8221; alt=&#8221;Arabesque&#8221; disabled_on=&#8221;on|on|on&#8221; _builder_version=&#8221;4.27.4&#8243; _module_preset=&#8221;c6b4efde-15e6-45bb-b1a3-8ee8ac53dfab&#8221; text_orientation=&#8221;center&#8221; custom_margin_tablet=&#8221;30px||||false|false&#8221; custom_margin_phone=&#8221;30px||||false|false&#8221; custom_margin_last_edited=&#8221;on|tablet&#8221; disabled=&#8221;on&#8221; global_colors_info=&#8221;{}&#8221; image__hover_enabled=&#8221;on|desktop&#8221; image__hover=&#8221;&#8221;]<\/p>\n<p>Complexidade a partir da simplicidade<\/p>\n<p>[\/et_pb_blurb][\/et_pb_column][et_pb_column type=&#8221;1_2&#8243; _builder_version=&#8221;4.27.4&#8243; _module_preset=&#8221;default&#8221; global_colors_info=&#8221;{}&#8221;][\/et_pb_column][\/et_pb_row][\/et_pb_section]<\/p>\n","protected":false},"excerpt":{"rendered":"<p>ArabesqueOrnamento. Tra\u00e7o. Geometria.UnidadeLinha ininterruptaUnidades geom\u00e9tricas b\u00e1sicas: Hex\u00e1gonosSimetria e Equil\u00edbrioA cor como luz orientadoraRepeti\u00e7\u00e3oPresen\u00e7aEco espiritualComplexidade a partir da simplicidade<\/p>\n","protected":false},"author":1,"featured_media":0,"parent":0,"menu_order":0,"comment_status":"closed","ping_status":"closed","template":"","meta":{"_et_pb_use_builder":"on","_et_pb_old_content":"","_et_gb_content_width":"","footnotes":""},"class_list":["post-1656","page","type-page","status-publish","hentry"],"_links":{"self":[{"href":"https:\/\/emotionaljewels.com\/pt-pt\/wp-json\/wp\/v2\/pages\/1656","targetHints":{"allow":["GET"]}}],"collection":[{"href":"https:\/\/emotionaljewels.com\/pt-pt\/wp-json\/wp\/v2\/pages"}],"about":[{"href":"https:\/\/emotionaljewels.com\/pt-pt\/wp-json\/wp\/v2\/types\/page"}],"author":[{"embeddable":true,"href":"https:\/\/emotionaljewels.com\/pt-pt\/wp-json\/wp\/v2\/users\/1"}],"replies":[{"embeddable":true,"href":"https:\/\/emotionaljewels.com\/pt-pt\/wp-json\/wp\/v2\/comments?post=1656"}],"version-history":[{"count":5,"href":"https:\/\/emotionaljewels.com\/pt-pt\/wp-json\/wp\/v2\/pages\/1656\/revisions"}],"predecessor-version":[{"id":3675,"href":"https:\/\/emotionaljewels.com\/pt-pt\/wp-json\/wp\/v2\/pages\/1656\/revisions\/3675"}],"wp:attachment":[{"href":"https:\/\/emotionaljewels.com\/pt-pt\/wp-json\/wp\/v2\/media?parent=1656"}],"curies":[{"name":"wp","href":"https:\/\/api.w.org\/{rel}","templated":true}]}}