{"id":1654,"date":"2025-07-17T09:20:25","date_gmt":"2025-07-17T09:20:25","guid":{"rendered":"https:\/\/emotionaljewels.com\/about\/"},"modified":"2026-03-25T16:13:06","modified_gmt":"2026-03-25T16:13:06","slug":"sobre","status":"publish","type":"page","link":"https:\/\/emotionaljewels.com\/pt-pt\/sobre\/","title":{"rendered":"Sobre"},"content":{"rendered":"<p>[et_pb_section fb_built=&#8221;1&#8243; _builder_version=&#8221;4.27.4&#8243; _module_preset=&#8221;default&#8221; background_color=&#8221;#F1F1F1&#8243; background_enable_video_mp4=&#8221;off&#8221; custom_padding=&#8221;||||false|false&#8221; da_disable_devices=&#8221;off|off|off&#8221; locked=&#8221;off&#8221; global_colors_info=&#8221;{}&#8221; da_is_popup=&#8221;off&#8221; da_exit_intent=&#8221;off&#8221; da_has_close=&#8221;on&#8221; da_alt_close=&#8221;off&#8221; da_dark_close=&#8221;off&#8221; da_not_modal=&#8221;on&#8221; da_is_singular=&#8221;off&#8221; da_with_loader=&#8221;off&#8221; da_has_shadow=&#8221;on&#8221;][et_pb_row _builder_version=&#8221;4.27.4&#8243; _module_preset=&#8221;default&#8221; background_enable_image=&#8221;off&#8221; background_size=&#8221;custom&#8221; background_image_width=&#8221;29%&#8221; background_position=&#8221;top_left&#8221; background_horizontal_offset=&#8221;16%&#8221; background_vertical_offset=&#8221;15%&#8221; background_last_edited=&#8221;off|desktop&#8221; background_image_width_tablet=&#8221;66%&#8221; background_image_width_phone=&#8221;100%&#8221; background_position_tablet=&#8221;bottom_center&#8221; background_position_phone=&#8221;bottom_center&#8221; background_vertical_offset_tablet=&#8221;0%&#8221; background_vertical_offset_phone=&#8221;0%&#8221; locked=&#8221;off&#8221; global_colors_info=&#8221;{}&#8221;][et_pb_column type=&#8221;4_4&#8243; _builder_version=&#8221;4.27.4&#8243; _module_preset=&#8221;default&#8221; global_colors_info=&#8221;{}&#8221;][et_pb_text _builder_version=&#8221;4.27.4&#8243; _module_preset=&#8221;default&#8221; header_font=&#8221;||||||||&#8221; header_2_font_size=&#8221;50px&#8221; header_2_line_height=&#8221;60px&#8221; text_orientation=&#8221;center&#8221; custom_margin=&#8221;||20px||false|false&#8221; custom_padding=&#8221;||0px||false|false&#8221; header_2_font_size_tablet=&#8221;40px&#8221; header_2_font_size_phone=&#8221;35px&#8221; header_2_line_height_tablet=&#8221;50px&#8221; header_2_line_height_phone=&#8221;45px&#8221; global_colors_info=&#8221;{}&#8221;]<\/p>\n<h2>Sobre<\/h2>\n<p>[\/et_pb_text][et_pb_divider _builder_version=&#8221;4.27.4&#8243; _module_preset=&#8221;f22d3c35-c20f-425a-9d5a-3e15f076bd3b&#8221; global_colors_info=&#8221;{}&#8221;][\/et_pb_divider][et_pb_blurb image=&#8221;https:\/\/mlvddtnqlxl6.i.optimole.com\/w:auto\/h:auto\/q:mauto\/ig:avif\/https:\/\/emotionaljewels.com\/wp-content\/uploads\/2025\/07\/DSCF6676.jpg&#8221; alt=&#8221;Sobre&#8221; content_max_width=&#8221;50%&#8221; content_max_width_tablet=&#8221;100%&#8221; content_max_width_phone=&#8221;100%&#8221; content_max_width_last_edited=&#8221;on|phone&#8221; module_id=&#8221;about-blurb&#8221; _builder_version=&#8221;4.27.6&#8243; _module_preset=&#8221;default&#8221; body_font_size=&#8221;18px&#8221; body_line_height=&#8221;27px&#8221; text_orientation=&#8221;center&#8221; hover_enabled=&#8221;0&#8243; body_font_size_tablet=&#8221;18px&#8221; body_font_size_phone=&#8221;14px&#8221; body_font_size_last_edited=&#8221;on|desktop&#8221; body_line_height_tablet=&#8221;27px&#8221; body_line_height_phone=&#8221;21px&#8221; border_radii_image=&#8221;on|10px|10px|10px|10px&#8221; global_colors_info=&#8221;{}&#8221; sticky_enabled=&#8221;0&#8243;]<\/p>\n<p>Atualmente sediada em Lisboa, Susana desenha e produz joalharia a partir do seu atelier.<\/p>\n<p><strong>Forma\u00e7\u00e3o em joalharia:<\/strong><br \/>Alta Joalharia \u2013 Centro de Joalharia de Lisboa (CJLX)<br \/>Avalia\u00e7\u00e3o de Metais Preciosos e Materiais Gemol\u00f3gicos &#8211; Imprensa Nacional Casa da Moeda (INCM).<\/p>\n<p>[\/et_pb_blurb][et_pb_text _builder_version=&#8221;4.27.5&#8243; _module_preset=&#8221;default&#8221; text_orientation=&#8221;center&#8221; hover_enabled=&#8221;0&#8243; global_colors_info=&#8221;{}&#8221; sticky_enabled=&#8221;0&#8243;]<\/p>\n<h2>Tecendo Hist\u00f3rias<\/h2>\n<h3>Joalharia &amp; Design<\/h3>\n<p>Emotional Jewels nasce do desejo de criar joias que v\u00e3o para al\u00e9m da est\u00e9tica, abrindo espa\u00e7o a um di\u00e1logo \u00edntimo com quem as usa\u2026 tecendo hist\u00f3rias.<br data-start=\"303\" data-end=\"306\" \/>Cada pe\u00e7a \u00e9 concebida como um elemento vivo que encontra a sua forma plena no corpo que a acolhe.<br data-start=\"448\" data-end=\"451\" \/>Susana \u00e9 a autora deste projeto e desenvolve a sua atividade em Lisboa, num atelier independente.<\/p>\n<h3>\u00a0<\/h3>\n<p>[\/et_pb_text][\/et_pb_column][\/et_pb_row][et_pb_row column_structure=&#8221;1_2,1_2&#8243; _builder_version=&#8221;4.27.4&#8243; _module_preset=&#8221;default&#8221; global_colors_info=&#8221;{}&#8221;][et_pb_column type=&#8221;1_2&#8243; _builder_version=&#8221;4.27.4&#8243; _module_preset=&#8221;default&#8221; global_colors_info=&#8221;{}&#8221;][et_pb_text _builder_version=&#8221;4.27.4&#8243; _module_preset=&#8221;b0bc8b8f-2ae9-4db3-9071-3a394745141c&#8221; text_orientation=&#8221;center&#8221; custom_margin=&#8221;||20px||false|false&#8221; global_colors_info=&#8221;{}&#8221;]<\/p>\n<h3>Inten\u00e7\u00f5es<\/h3>\n<p>[\/et_pb_text][et_pb_divider _builder_version=&#8221;4.27.4&#8243; _module_preset=&#8221;f22d3c35-c20f-425a-9d5a-3e15f076bd3b&#8221; global_colors_info=&#8221;{}&#8221;][\/et_pb_divider][et_pb_text _builder_version=&#8221;4.27.4&#8243; _module_preset=&#8221;b0bc8b8f-2ae9-4db3-9071-3a394745141c&#8221; text_orientation=&#8221;center&#8221; global_colors_info=&#8221;{}&#8221;]<\/p>\n<h4>Sentidos<\/h4>\n<p>Joias t\u00eam brilho, textura, peso, cor \u2013 apelo aos sentidos.<\/p>\n<p>[\/et_pb_text][et_pb_text _builder_version=&#8221;4.27.4&#8243; _module_preset=&#8221;b0bc8b8f-2ae9-4db3-9071-3a394745141c&#8221; text_orientation=&#8221;center&#8221; global_colors_info=&#8221;{}&#8221;]<\/p>\n<h4>Significado<\/h4>\n<p>Uma pe\u00e7a de joalharia vive quando lhe \u00e9 atribu\u00eddo significado.<\/p>\n<p>[\/et_pb_text][et_pb_text _builder_version=&#8221;4.27.4&#8243; _module_preset=&#8221;b0bc8b8f-2ae9-4db3-9071-3a394745141c&#8221; text_orientation=&#8221;center&#8221; global_colors_info=&#8221;{}&#8221;]<\/p>\n<h4>Conex\u00e3o<\/h4>\n<p>Algumas conex\u00f5es s\u00e3o expressas, outras apenas sentidas. As joias celebram afetos, mem\u00f3rias, identidade,&#8230;dando forma a um territ\u00f3rio \u00edntimo que nos habita.<\/p>\n<p>[\/et_pb_text][et_pb_text _builder_version=&#8221;4.27.4&#8243; _module_preset=&#8221;b0bc8b8f-2ae9-4db3-9071-3a394745141c&#8221; text_orientation=&#8221;center&#8221; global_colors_info=&#8221;{}&#8221;]<\/p>\n<h4>Experi\u00eancia<\/h4>\n<p>A j\u00f3ia como experi\u00eancia sensorial e emocional, feita para ser vivida,\u00a0 lembrada, partilhada.<\/p>\n<p>[\/et_pb_text][\/et_pb_column][et_pb_column type=&#8221;1_2&#8243; _builder_version=&#8221;4.27.4&#8243; _module_preset=&#8221;default&#8221; global_colors_info=&#8221;{}&#8221;][et_pb_text _builder_version=&#8221;4.27.4&#8243; _module_preset=&#8221;b0bc8b8f-2ae9-4db3-9071-3a394745141c&#8221; text_orientation=&#8221;center&#8221; custom_margin=&#8221;||20px||false|false&#8221; custom_margin_tablet=&#8221;50px||20px||false|false&#8221; custom_margin_phone=&#8221;50px||20px||false|false&#8221; custom_margin_last_edited=&#8221;on|tablet&#8221; global_colors_info=&#8221;{}&#8221;]<\/p>\n<h3>Escolhas<\/h3>\n<p>[\/et_pb_text][et_pb_divider _builder_version=&#8221;4.27.4&#8243; _module_preset=&#8221;f22d3c35-c20f-425a-9d5a-3e15f076bd3b&#8221; global_colors_info=&#8221;{}&#8221;][\/et_pb_divider][et_pb_text _builder_version=&#8221;4.27.4&#8243; _module_preset=&#8221;b0bc8b8f-2ae9-4db3-9071-3a394745141c&#8221; text_orientation=&#8221;center&#8221; global_colors_info=&#8221;{}&#8221;]<\/p>\n<h4>Pensamento Ambiental<\/h4>\n<p>Cria\u00e7\u00e3o consciente, impacto duradouro. Di\u00e1logo est\u00e9tico com responsabilidade.<\/p>\n<p>[\/et_pb_text][et_pb_text _builder_version=&#8221;4.27.5&#8243; _module_preset=&#8221;b0bc8b8f-2ae9-4db3-9071-3a394745141c&#8221; text_orientation=&#8221;center&#8221; global_colors_info=&#8221;{}&#8221;]<\/p>\n<h4>Liberdade Criativa<\/h4>\n<p>Cada pe\u00e7a encontra o seu pr\u00f3prio caminho.<br data-start=\"371\" data-end=\"374\" \/>A t\u00e9cnica acompanha a inten\u00e7\u00e3o e expande as possibilidades.<\/p>\n<p>[\/et_pb_text][et_pb_text _builder_version=&#8221;4.27.5&#8243; _module_preset=&#8221;b0bc8b8f-2ae9-4db3-9071-3a394745141c&#8221; text_orientation=&#8221;center&#8221; global_colors_info=&#8221;{}&#8221;]<\/p>\n<h4>Autenticidade<\/h4>\n<p data-pm-slice=\"1 1 []\">Joias originais.<\/p>\n<p>[\/et_pb_text][\/et_pb_column][\/et_pb_row][\/et_pb_section]<\/p>\n","protected":false},"excerpt":{"rendered":"<p>SobreAtualmente sediada em Lisboa, Susana desenha e produz joalharia a partir do seu atelier. Forma\u00e7\u00e3o em joalharia:Alta Joalharia \u2013 Centro de Joalharia de Lisboa (CJLX)Avalia\u00e7\u00e3o de Metais Preciosos e Materiais Gemol\u00f3gicos &#8211; Imprensa Nacional Casa da Moeda (INCM).Tecendo Hist\u00f3rias Joalharia &amp; Design Emotional Jewels nasce do desejo de criar joias que v\u00e3o para al\u00e9m da [&hellip;]<\/p>\n","protected":false},"author":1,"featured_media":0,"parent":0,"menu_order":0,"comment_status":"closed","ping_status":"closed","template":"","meta":{"_et_pb_use_builder":"on","_et_pb_old_content":"","_et_gb_content_width":"","footnotes":""},"class_list":["post-1654","page","type-page","status-publish","hentry"],"_links":{"self":[{"href":"https:\/\/emotionaljewels.com\/pt-pt\/wp-json\/wp\/v2\/pages\/1654","targetHints":{"allow":["GET"]}}],"collection":[{"href":"https:\/\/emotionaljewels.com\/pt-pt\/wp-json\/wp\/v2\/pages"}],"about":[{"href":"https:\/\/emotionaljewels.com\/pt-pt\/wp-json\/wp\/v2\/types\/page"}],"author":[{"embeddable":true,"href":"https:\/\/emotionaljewels.com\/pt-pt\/wp-json\/wp\/v2\/users\/1"}],"replies":[{"embeddable":true,"href":"https:\/\/emotionaljewels.com\/pt-pt\/wp-json\/wp\/v2\/comments?post=1654"}],"version-history":[{"count":4,"href":"https:\/\/emotionaljewels.com\/pt-pt\/wp-json\/wp\/v2\/pages\/1654\/revisions"}],"predecessor-version":[{"id":3679,"href":"https:\/\/emotionaljewels.com\/pt-pt\/wp-json\/wp\/v2\/pages\/1654\/revisions\/3679"}],"wp:attachment":[{"href":"https:\/\/emotionaljewels.com\/pt-pt\/wp-json\/wp\/v2\/media?parent=1654"}],"curies":[{"name":"wp","href":"https:\/\/api.w.org\/{rel}","templated":true}]}}